{"id":480,"date":"2015-01-02T13:40:21","date_gmt":"2015-01-02T12:40:21","guid":{"rendered":"http:\/\/blog.fightplace.com\/?page_id=480"},"modified":"2015-01-06T16:07:59","modified_gmt":"2015-01-06T15:07:59","slug":"membership-join","status":"publish","type":"page","link":"https:\/\/blog.fightplace.com\/?page_id=480","title":{"rendered":"Bewirb dich"},"content":{"rendered":"<div id=\"usermessagea\" class=\"cf_info \"><\/div><form enctype=\"multipart\/form-data\" action=\"\/index.php?rest_route=%2Fwp%2Fv2%2Fpages%2F480#usermessagea\" method=\"post\" class=\"cform cformsdirect bewerbung-deutsch \" id=\"cformsform\"><ol class=\"cf-ol\"><li id=\"li--1\" class=\"\"><label id=\"label--1\" for=\"cf_field_1\"><span>Dein Name<\/span><\/label><input type=\"text\" name=\"cf_field_1\" id=\"cf_field_1\" class=\"single fldrequired\" value=\"\" title=\"\"\/><span class=\"reqtxt\">(ben\u00f6tigt)<\/span><\/li><li id=\"li--2\" class=\"\"><label id=\"label--2\" for=\"cf_field_2\"><span>Deine E-Mail Adresse<\/span><\/label><input type=\"text\" name=\"cf_field_2\" id=\"cf_field_2\" class=\"single fldemail fldrequired\" value=\"\" title=\"\"\/><span class=\"emailreqtxt\">(g\u00fcltige E-Mail Adresse ben\u00f6tigt)<\/span><\/li><li id=\"li--3\" class=\"\"><label id=\"label--3\" for=\"cf_field_3\"><span>Dein Geschlecht<\/span><\/label><select name=\"cf_field_3\" id=\"cf_field_3\" class=\"cformselect\" title=\"\"><option value=\"m\u00e4nnlich\">m\u00e4nnlich<\/option><option value=\"weiblich\">weiblich<\/option><\/select><\/li><li id=\"li--4\" class=\"\"><label id=\"label--4\" for=\"cf_field_4\"><span>Dein Alter<\/span><\/label><input type=\"text\" name=\"cf_field_4\" id=\"cf_field_4\" class=\"single\" value=\"\" title=\"\"\/><\/li><li id=\"li--5\" class=\"\"><label id=\"label--5\" for=\"cf_field_5\"><span>Dein Gewicht<\/span><\/label><input type=\"text\" name=\"cf_field_5\" id=\"cf_field_5\" class=\"single\" value=\"\" title=\"\"\/><\/li><li id=\"li--6\" class=\"\"><label id=\"label--6\" for=\"cf_field_6\"><span>Deine K\u00f6rpergr\u00f6\u00dfe<\/span><\/label><input type=\"text\" name=\"cf_field_6\" id=\"cf_field_6\" class=\"single\" value=\"\" title=\"\"\/><\/li><li id=\"li--7\" class=\"\"><label id=\"label--7\" for=\"cf_field_7\"><span>Deine Hobbys<\/span><\/label><input type=\"text\" name=\"cf_field_7\" id=\"cf_field_7\" class=\"single\" value=\"\" title=\"\"\/><\/li><li id=\"li--8\" class=\"\"><label id=\"label--8\" for=\"cf_field_8\"><span>Dein Wohnort<\/span><\/label><input type=\"text\" name=\"cf_field_8\" id=\"cf_field_8\" class=\"single\" value=\"\" title=\"\"\/><\/li><li id=\"li--9\" class=\"\"><label id=\"label--9\" for=\"cf_uploadfile-9\"><span>Ein Foto von dir (max: 2MB; jpg,jpeg,png,bmp)<\/span><\/label><input type=\"file\" name=\"cf_uploadfile[]\" id=\"cf_uploadfile-9\" class=\"cf_upload upload fldrequired\" title=\"\"\/><span class=\"reqtxt\">(ben\u00f6tigt)<\/span><\/li><li id=\"li--10\" class=\"\"><label id=\"label--10\" for=\"cf_uploadfile-10\"><span>Ein weiteres Foto von dir (max: 2MB; jpg,jpeg,png,bmp)<\/span><\/label><input type=\"file\" name=\"cf_uploadfile[]\" id=\"cf_uploadfile-10\" class=\"cf_upload upload\" title=\"\"\/><\/li><li id=\"li--11\" class=\"\"><label id=\"label--11\" for=\"cf_field_11\"><span>Was du uns noch sagen m\u00f6chtest<\/span><\/label><textarea cols=\"30\" rows=\"8\" name=\"cf_field_11\" id=\"cf_field_11\" class=\"area\" title=\"\"><\/textarea><\/li><li id=\"li--12\" class=\"\"><label for=\"cf_field_12\" class=\"secq\"><span>CAPTCHA<\/span><\/label><input type=\"text\" name=\"captcha\" id=\"cf_field_12\" class=\"secinput fldrequired \" title=\"\"\/><img class=\"cforms2_really_simple_captcha_img\" alt=\"CAPTCHA\" src=\"https:\/\/blog.fightplace.com\/wp-content\/plugins\/really-simple-captcha\/tmp\/835030926.png\" \/><span class=\"dashicons dashicons-update captcha-reset\"><\/span><input type=\"hidden\" name=\"captcha\/hint\" value=\"835030926\"\/><\/li><\/ol><fieldset class=\"cf_hidden\"><legend>&nbsp;<\/legend><input type=\"hidden\" name=\"cf_working\" id=\"cf_working\" value=\"bitte warte...\"\/><input type=\"hidden\" name=\"cf_failure\" id=\"cf_failure\" value=\"Bitte f\u00fcllen Sie alle erforderlichen Felder aus.\"\/><input type=\"hidden\" name=\"cf_customerr\" id=\"cf_customerr\" value=\"y\"\/><\/fieldset><p class=\"cf-sb\"><input type=\"submit\" name=\"sendbutton\" id=\"sendbutton\" class=\"sendbutton\" value=\"Abschicken\" \/><\/p><\/form>\n","protected":false},"excerpt":{"rendered":"<div class=\"mh-excerpt\"><\/div>","protected":false},"author":1,"featured_media":0,"parent":0,"menu_order":0,"comment_status":"closed","ping_status":"closed","template":"","meta":[],"categories":[],"tags":[17],"_links":{"self":[{"href":"https:\/\/blog.fightplace.com\/index.php?rest_route=\/wp\/v2\/pages\/480"}],"collection":[{"href":"https:\/\/blog.fightplace.com\/index.php?rest_route=\/wp\/v2\/pages"}],"about":[{"href":"https:\/\/blog.fightplace.com\/index.php?rest_route=\/wp\/v2\/types\/page"}],"author":[{"embeddable":true,"href":"https:\/\/blog.fightplace.com\/index.php?rest_route=\/wp\/v2\/users\/1"}],"replies":[{"embeddable":true,"href":"https:\/\/blog.fightplace.com\/index.php?rest_route=%2Fwp%2Fv2%2Fcomments&post=480"}],"version-history":[{"count":9,"href":"https:\/\/blog.fightplace.com\/index.php?rest_route=\/wp\/v2\/pages\/480\/revisions"}],"predecessor-version":[{"id":559,"href":"https:\/\/blog.fightplace.com\/index.php?rest_route=\/wp\/v2\/pages\/480\/revisions\/559"}],"wp:attachment":[{"href":"https:\/\/blog.fightplace.com\/index.php?rest_route=%2Fwp%2Fv2%2Fmedia&parent=480"}],"wp:term":[{"taxonomy":"category","embeddable":true,"href":"https:\/\/blog.fightplace.com\/index.php?rest_route=%2Fwp%2Fv2%2Fcategories&post=480"},{"taxonomy":"post_tag","embeddable":true,"href":"https:\/\/blog.fightplace.com\/index.php?rest_route=%2Fwp%2Fv2%2Ftags&post=480"}],"curies":[{"name":"wp","href":"https:\/\/api.w.org\/{rel}","templated":true}]}}